{"id":2480,"date":"2024-11-26T12:18:54","date_gmt":"2024-11-26T11:18:54","guid":{"rendered":"https:\/\/tetrag.ch\/contact\/"},"modified":"2024-12-04T10:19:57","modified_gmt":"2024-12-04T09:19:57","slug":"contact","status":"publish","type":"page","link":"https:\/\/tetrag.ch\/fr\/contact\/","title":{"rendered":"Contact"},"content":{"rendered":"\t\t<div data-elementor-type=\"wp-page\" data-elementor-id=\"2480\" class=\"elementor elementor-2480 elementor-979\" data-elementor-post-type=\"page\">\n\t\t\t\t<div class=\"elementor-element elementor-element-cd2bdda e-flex e-con-boxed e-con e-parent\" data-id=\"cd2bdda\" data-element_type=\"container\" data-e-type=\"container\" data-settings=\"{&quot;jet_parallax_layout_list&quot;:[]}\">\n\t\t\t\t\t<div class=\"e-con-inner\">\n\t\t<div class=\"elementor-element elementor-element-aec5981 e-con-full e-flex e-con e-child\" data-id=\"aec5981\" data-element_type=\"container\" data-e-type=\"container\" data-settings=\"{&quot;jet_parallax_layout_list&quot;:[]}\">\n\t\t\t\t<div class=\"elementor-element elementor-element-74b303e elementor-widget elementor-widget-heading\" data-id=\"74b303e\" data-element_type=\"widget\" data-e-type=\"widget\" data-widget_type=\"heading.default\">\n\t\t\t\t<div class=\"elementor-widget-container\">\n\t\t\t\t\t<h5 class=\"elementor-heading-title elementor-size-default\">Contact<\/h5>\t\t\t\t<\/div>\n\t\t\t\t<\/div>\n\t\t\t\t<div class=\"elementor-element elementor-element-f9d7f67 elementor-widget__width-initial elementor-widget elementor-widget-heading\" data-id=\"f9d7f67\" data-element_type=\"widget\" data-e-type=\"widget\" data-widget_type=\"heading.default\">\n\t\t\t\t<div class=\"elementor-widget-container\">\n\t\t\t\t\t<h2 class=\"elementor-heading-title elementor-size-default\">Parlez-nous de votre projet.<\/h2>\t\t\t\t<\/div>\n\t\t\t\t<\/div>\n\t\t\t\t<div class=\"elementor-element elementor-element-04438ce elementor-widget__width-initial elementor-widget elementor-widget-text-editor\" data-id=\"04438ce\" data-element_type=\"widget\" data-e-type=\"widget\" data-widget_type=\"text-editor.default\">\n\t\t\t\t<div class=\"elementor-widget-container\">\n\t\t\t\t\t\t\t\t\t<p>Examinons vos souhaits et cr\u00e9ons ensemble quelque chose de grand.<\/p>\n\t\t\t\t\t\t\t\t<\/div>\n\t\t\t\t<\/div>\n\t\t\t\t<\/div>\n\t\t<div class=\"elementor-element elementor-element-f2bee0b e-con-full e-flex e-con e-child\" data-id=\"f2bee0b\" data-element_type=\"container\" data-e-type=\"container\" data-settings=\"{&quot;jet_parallax_layout_list&quot;:[]}\">\n\t\t\t\t<div class=\"elementor-element elementor-element-66490e3 elementor-icon-list--layout-traditional elementor-list-item-link-full_width elementor-widget elementor-widget-icon-list\" data-id=\"66490e3\" data-element_type=\"widget\" data-e-type=\"widget\" data-widget_type=\"icon-list.default\">\n\t\t\t\t<div class=\"elementor-widget-container\">\n\t\t\t\t\t\t\t<ul class=\"elementor-icon-list-items\">\n\t\t\t\t\t\t\t<li class=\"elementor-icon-list-item\">\n\t\t\t\t\t\t\t\t\t\t\t<a href=\"mailto:info@tetrag.ch\">\n\n\t\t\t\t\t\t\t\t\t\t\t\t<span class=\"elementor-icon-list-icon\">\n\t\t\t\t\t\t\t<svg xmlns=\"http:\/\/www.w3.org\/2000\/svg\" width=\"30\" height=\"31\" viewBox=\"0 0 30 31\" fill=\"none\"><g clip-path=\"url(#clip0_655_13524)\"><path d=\"M17.5072 18.8803C16.7608 19.3779 15.8938 19.6409 15 19.6409C14.1062 19.6409 13.2393 19.3779 12.4929 18.8803L0.199746 10.6846C0.131543 10.6392 0.0650977 10.5918 0 10.543V23.9725C0 25.5123 1.24951 26.7342 2.7617 26.7342H27.2382C28.778 26.7342 29.9999 25.4847 29.9999 23.9725V10.543C29.9347 10.5918 29.8682 10.6394 29.7998 10.6849L17.5072 18.8803Z\" fill=\"#2E609D\"><\/path><path d=\"M1.1748 9.22268L13.4679 17.4184C13.9333 17.7287 14.4666 17.8838 14.9999 17.8838C15.5333 17.8838 16.0667 17.7286 16.5321 17.4184L28.8252 9.22268C29.5608 8.73254 30 7.91223 30 7.02688C30 5.50455 28.7615 4.26611 27.2392 4.26611H2.76076C1.2385 4.26617 0 5.50461 0 7.02834C0 7.91223 0.439219 8.73254 1.1748 9.22268Z\" fill=\"#2E609D\"><\/path><\/g><defs><clipPath id=\"clip0_655_13524\"><rect width=\"30\" height=\"30\" fill=\"white\" transform=\"translate(0 0.5)\"><\/rect><\/clipPath><\/defs><\/svg>\t\t\t\t\t\t<\/span>\n\t\t\t\t\t\t\t\t\t\t<span class=\"elementor-icon-list-text\">E-mail <span class=\"maile\"><span style=\"display:inline;unicode-bidi:bidi-override;direction:rtl;\" class=\"\">hc.gartet<span style=\"display:none;\">obfsctd-8dc12d<\/span>&#64;ofni<\/span><\/span><\/span>\n\t\t\t\t\t\t\t\t\t\t\t<\/a>\n\t\t\t\t\t\t\t\t\t<\/li>\n\t\t\t\t\t\t<\/ul>\n\t\t\t\t\t\t<\/div>\n\t\t\t\t<\/div>\n\t\t\t\t<div class=\"elementor-element elementor-element-af5a484 elementor-icon-list--layout-traditional elementor-list-item-link-full_width elementor-widget elementor-widget-icon-list\" data-id=\"af5a484\" data-element_type=\"widget\" data-e-type=\"widget\" data-widget_type=\"icon-list.default\">\n\t\t\t\t<div class=\"elementor-widget-container\">\n\t\t\t\t\t\t\t<ul class=\"elementor-icon-list-items\">\n\t\t\t\t\t\t\t<li class=\"elementor-icon-list-item\">\n\t\t\t\t\t\t\t\t\t\t\t<a href=\"tel:+41%2041%20544%2068%20%2068\">\n\n\t\t\t\t\t\t\t\t\t\t\t\t<span class=\"elementor-icon-list-icon\">\n\t\t\t\t\t\t\t<svg xmlns=\"http:\/\/www.w3.org\/2000\/svg\" width=\"30\" height=\"31\" viewBox=\"0 0 30 31\" fill=\"none\"><g clip-path=\"url(#clip0_655_13533)\"><path d=\"M25.6603 13.0887C25.6964 8.85904 22.0939 4.98158 17.63 4.4454C17.5412 4.43487 17.4445 4.41885 17.3421 4.40189C17.1211 4.36528 16.8926 4.32764 16.662 4.32764C15.7471 4.32764 15.5025 4.97031 15.4381 5.3536C15.3755 5.72627 15.4352 6.03922 15.6153 6.28416C15.9183 6.69615 16.4514 6.76928 16.8796 6.82789C17.0051 6.84521 17.1235 6.86133 17.2227 6.8836C21.2333 7.77978 22.5838 9.18876 23.2438 13.1653C23.2599 13.2625 23.2672 13.3822 23.2749 13.5092C23.3037 13.9846 23.3637 14.9735 24.4269 14.9735H24.427C24.5156 14.9735 24.6107 14.9659 24.7097 14.9508C25.6998 14.8003 25.6688 13.8963 25.6539 13.462C25.6497 13.3397 25.6457 13.2239 25.656 13.147C25.6588 13.1276 25.6602 13.1081 25.6603 13.0887Z\" fill=\"#2E609D\"><\/path><path d=\"M16.4022 2.89329C16.521 2.90186 16.6335 2.91006 16.7271 2.92441C23.313 3.93724 26.3418 7.05761 27.1812 13.6951C27.1954 13.8079 27.1977 13.9455 27.2 14.0912C27.2084 14.6098 27.2256 15.6886 28.3842 15.7109L28.4201 15.7113C28.7835 15.7113 29.0725 15.6017 29.2792 15.3854C29.6399 15.0082 29.6147 14.4478 29.5944 13.9974C29.5895 13.8869 29.5847 13.7828 29.5859 13.6917C29.6697 6.90332 23.7936 0.74764 17.0113 0.518727C16.9831 0.517795 16.9563 0.519286 16.9292 0.523106C16.9159 0.525062 16.8912 0.527484 16.8489 0.527484C16.7812 0.527484 16.698 0.521615 16.6098 0.515652C16.5031 0.508385 16.3822 0.5 16.2596 0.5C15.1795 0.5 14.9742 1.2677 14.9479 1.72534C14.8873 2.78298 15.9105 2.85742 16.4022 2.89329Z\" fill=\"#2E609D\"><\/path><path d=\"M26.8634 22.2737C26.7234 22.1667 26.5786 22.056 26.443 21.9469C25.724 21.3682 24.959 20.8348 24.2191 20.3189C24.0656 20.212 23.912 20.1049 23.7591 19.9976C22.8113 19.3319 21.9593 19.0084 21.1544 19.0084C20.0702 19.0084 19.1249 19.6075 18.3447 20.7888C17.9991 21.3125 17.5797 21.5671 17.0629 21.5671C16.7573 21.5671 16.4101 21.4799 16.031 21.3078C12.972 19.9206 10.7877 17.7938 9.53859 14.9864C8.93477 13.6295 9.13051 12.7425 10.1932 12.0207C10.7966 11.6111 11.9199 10.8486 11.8403 9.3885C11.7502 7.7304 8.09169 2.74136 6.55023 2.17471C5.89759 1.93471 5.21188 1.93248 4.50846 2.16912C2.73641 2.76484 1.46477 3.81102 0.830669 5.19437C0.217905 6.53105 0.245575 8.10055 0.9107 9.73322C2.83349 14.4537 5.53685 18.5692 8.94595 21.9655C12.2828 25.2901 16.3842 28.0134 21.1359 30.0594C21.5642 30.2437 22.0135 30.3442 22.3415 30.4176C22.4533 30.4427 22.5498 30.4642 22.6202 30.4834C22.6588 30.494 22.6987 30.4996 22.7387 30.5L22.7762 30.5002C22.7762 30.5002 22.7762 30.5002 22.7764 30.5002C25.0113 30.5002 27.6948 28.458 28.519 26.1297C29.241 24.091 27.9227 23.0833 26.8634 22.2737Z\" fill=\"#2E609D\"><\/path><path d=\"M17.3936 8.28548C17.011 8.29517 16.2147 8.31492 15.9352 9.12595C15.8045 9.50495 15.8202 9.83402 15.9818 10.104C16.219 10.5002 16.6735 10.6216 17.0869 10.6882C18.586 10.9287 19.356 11.7577 19.51 13.2969C19.5815 14.0146 20.0648 14.5157 20.6853 14.5157C20.7311 14.5157 20.7781 14.513 20.8248 14.5073C21.571 14.4185 21.9328 13.8702 21.9001 12.8778C21.912 11.8421 21.37 10.6662 20.4481 9.72958C19.523 8.79008 18.4079 8.26098 17.3936 8.28548Z\" fill=\"#2E609D\"><\/path><\/g><defs><clipPath id=\"clip0_655_13533\"><rect width=\"30\" height=\"30\" fill=\"white\" transform=\"translate(0 0.5)\"><\/rect><\/clipPath><\/defs><\/svg>\t\t\t\t\t\t<\/span>\n\t\t\t\t\t\t\t\t\t\t<span class=\"elementor-icon-list-text\">T\u00e9l\u00e9phone <span class=\"maile\">+41 41 544 68 68<\/span><\/span>\n\t\t\t\t\t\t\t\t\t\t\t<\/a>\n\t\t\t\t\t\t\t\t\t<\/li>\n\t\t\t\t\t\t<\/ul>\n\t\t\t\t\t\t<\/div>\n\t\t\t\t<\/div>\n\t\t\t\t<\/div>\n\t\t\t\t\t<\/div>\n\t\t\t\t<\/div>\n\t\t<div class=\"elementor-element elementor-element-6609b8b e-flex e-con-boxed e-con e-parent\" data-id=\"6609b8b\" data-element_type=\"container\" data-e-type=\"container\" data-settings=\"{&quot;jet_parallax_layout_list&quot;:[]}\">\n\t\t\t\t\t<div class=\"e-con-inner\">\n\t\t\t\t<div class=\"elementor-element elementor-element-f681e14 elementor-widget elementor-widget-image\" data-id=\"f681e14\" data-element_type=\"widget\" data-e-type=\"widget\" data-widget_type=\"image.default\">\n\t\t\t\t<div class=\"elementor-widget-container\">\n\t\t\t\t\t\t\t\t\t\t\t\t\t\t\t<img fetchpriority=\"high\" decoding=\"async\" width=\"3720\" height=\"1650\" src=\"https:\/\/tetrag.ch\/wp-content\/uploads\/2024\/11\/image-17-1.png\" class=\"attachment-full size-full wp-image-2159\" alt=\"\" srcset=\"https:\/\/tetrag.ch\/wp-content\/uploads\/2024\/11\/image-17-1.png 3720w, https:\/\/tetrag.ch\/wp-content\/uploads\/2024\/11\/image-17-1-300x133.png 300w, https:\/\/tetrag.ch\/wp-content\/uploads\/2024\/11\/image-17-1-1024x454.png 1024w, https:\/\/tetrag.ch\/wp-content\/uploads\/2024\/11\/image-17-1-768x341.png 768w, https:\/\/tetrag.ch\/wp-content\/uploads\/2024\/11\/image-17-1-1536x681.png 1536w, https:\/\/tetrag.ch\/wp-content\/uploads\/2024\/11\/image-17-1-2048x908.png 2048w\" sizes=\"(max-width: 3720px) 100vw, 3720px\" \/>\t\t\t\t\t\t\t\t\t\t\t\t\t\t\t<\/div>\n\t\t\t\t<\/div>\n\t\t\t\t\t<\/div>\n\t\t\t\t<\/div>\n\t\t<div class=\"elementor-element elementor-element-7f80820 e-flex e-con-boxed e-con e-parent\" data-id=\"7f80820\" data-element_type=\"container\" data-e-type=\"container\" data-settings=\"{&quot;jet_parallax_layout_list&quot;:[]}\">\n\t\t\t\t\t<div class=\"e-con-inner\">\n\t\t\t\t<div class=\"elementor-element elementor-element-111a69d elementor-widget elementor-widget-heading\" data-id=\"111a69d\" data-element_type=\"widget\" data-e-type=\"widget\" data-widget_type=\"heading.default\">\n\t\t\t\t<div class=\"elementor-widget-container\">\n\t\t\t\t\t<h5 class=\"elementor-heading-title elementor-size-default\">Sites<\/h5>\t\t\t\t<\/div>\n\t\t\t\t<\/div>\n\t\t\t\t<div class=\"elementor-element elementor-element-83986cd elementor-widget elementor-widget-heading\" data-id=\"83986cd\" data-element_type=\"widget\" data-e-type=\"widget\" data-widget_type=\"heading.default\">\n\t\t\t\t<div class=\"elementor-widget-container\">\n\t\t\t\t\t<h2 class=\"elementor-heading-title elementor-size-default\">Proche de chez vous<\/h2>\t\t\t\t<\/div>\n\t\t\t\t<\/div>\n\t\t\t\t<div class=\"elementor-element elementor-element-5163930 elementor-widget elementor-widget-text-editor\" data-id=\"5163930\" data-element_type=\"widget\" data-e-type=\"widget\" data-widget_type=\"text-editor.default\">\n\t\t\t\t<div class=\"elementor-widget-container\">\n\t\t\t\t\t\t\t\t\t<p>Nos heures de bureau (en dehors des jours f\u00e9ri\u00e9s) : <br \/>Lun. au Ven. 08:00 &#8211; 12:00 \/ 13:30 &#8211; 17:00  <\/p>\n\t\t\t\t\t\t\t\t<\/div>\n\t\t\t\t<\/div>\n\t\t<div class=\"elementor-element elementor-element-2c467a1 e-con-full e-flex e-con e-child\" data-id=\"2c467a1\" data-element_type=\"container\" data-e-type=\"container\" data-settings=\"{&quot;jet_parallax_layout_list&quot;:[]}\">\n\t\t<div class=\"elementor-element elementor-element-587f157 e-con-full e-flex e-con e-child\" data-id=\"587f157\" data-element_type=\"container\" data-e-type=\"container\" data-settings=\"{&quot;background_background&quot;:&quot;classic&quot;,&quot;jet_parallax_layout_list&quot;:[]}\">\n\t\t\t\t<div class=\"elementor-element elementor-element-16f3659 elementor-widget elementor-widget-google_maps\" data-id=\"16f3659\" data-element_type=\"widget\" data-e-type=\"widget\" data-widget_type=\"google_maps.default\">\n\t\t\t\t<div class=\"elementor-widget-container\">\n\t\t\t\t\t\t\t<div class=\"elementor-custom-embed\">\n\t\t\t<iframe loading=\"lazy\"\n\t\t\t\t\tsrc=\"https:\/\/maps.google.com\/maps?q=Blegistrasse%201%2C%206343%20Risch-Rotkreuz&#038;t=m&#038;z=10&#038;output=embed&#038;iwloc=near\"\n\t\t\t\t\ttitle=\"Blegistrasse 1, 6343 Risch-Rotkreuz\"\n\t\t\t\t\taria-label=\"Blegistrasse 1, 6343 Risch-Rotkreuz\"\n\t\t\t><\/iframe>\n\t\t<\/div>\n\t\t\t\t\t\t<\/div>\n\t\t\t\t<\/div>\n\t\t\t\t<div class=\"elementor-element elementor-element-6632ee3 elementor-widget elementor-widget-icon-box\" data-id=\"6632ee3\" data-element_type=\"widget\" data-e-type=\"widget\" data-widget_type=\"icon-box.default\">\n\t\t\t\t<div class=\"elementor-widget-container\">\n\t\t\t\t\t\t\t<div class=\"elementor-icon-box-wrapper\">\n\n\t\t\t\n\t\t\t\t\t\t<div class=\"elementor-icon-box-content\">\n\n\t\t\t\t\t\t\t\t\t<h4 class=\"elementor-icon-box-title\">\n\t\t\t\t\t\t<a href=\"https:\/\/maps.app.goo.gl\/VZYKvsL5MNTe7fuc8\" rel=\"noopener\">\n\t\t\t\t\t\t\tRotkreuz\t\t\t\t\t\t<\/a>\n\t\t\t\t\t<\/h4>\n\t\t\t\t\n\t\t\t\t\t\t\t\t\t<p class=\"elementor-icon-box-description\">\n\t\t\t\t\t\tBlegistrasse 1, 6343 Risch-Rotkreuz <br><br><a href=\"https:\/\/maps.app.goo.gl\/VZYKvsL5MNTe7fuc8\" rel=\"noopener\">Google Maps<\/a>\t\t\t\t\t<\/p>\n\t\t\t\t\n\t\t\t<\/div>\n\t\t\t\n\t\t<\/div>\n\t\t\t\t\t\t<\/div>\n\t\t\t\t<\/div>\n\t\t\t\t<\/div>\n\t\t<div class=\"elementor-element elementor-element-118e296 e-con-full e-flex e-con e-child\" data-id=\"118e296\" data-element_type=\"container\" data-e-type=\"container\" data-settings=\"{&quot;background_background&quot;:&quot;classic&quot;,&quot;jet_parallax_layout_list&quot;:[]}\">\n\t\t\t\t<div class=\"elementor-element elementor-element-b635e1d elementor-widget elementor-widget-google_maps\" data-id=\"b635e1d\" data-element_type=\"widget\" data-e-type=\"widget\" data-widget_type=\"google_maps.default\">\n\t\t\t\t<div class=\"elementor-widget-container\">\n\t\t\t\t\t\t\t<div class=\"elementor-custom-embed\">\n\t\t\t<iframe loading=\"lazy\"\n\t\t\t\t\tsrc=\"https:\/\/maps.google.com\/maps?q=Rte%20Andr%C3%A9%20Piller%2021%2F2%C3%A8me%20%C3%A9tage%2C%201762%20Givisiez&#038;t=m&#038;z=10&#038;output=embed&#038;iwloc=near\"\n\t\t\t\t\ttitle=\"Rte Andr\u00e9 Piller 21\/2\u00e8me \u00e9tage, 1762 Givisiez\"\n\t\t\t\t\taria-label=\"Rte Andr\u00e9 Piller 21\/2\u00e8me \u00e9tage, 1762 Givisiez\"\n\t\t\t><\/iframe>\n\t\t<\/div>\n\t\t\t\t\t\t<\/div>\n\t\t\t\t<\/div>\n\t\t\t\t<div class=\"elementor-element elementor-element-3997553 elementor-widget elementor-widget-icon-box\" data-id=\"3997553\" data-element_type=\"widget\" data-e-type=\"widget\" data-widget_type=\"icon-box.default\">\n\t\t\t\t<div class=\"elementor-widget-container\">\n\t\t\t\t\t\t\t<div class=\"elementor-icon-box-wrapper\">\n\n\t\t\t\n\t\t\t\t\t\t<div class=\"elementor-icon-box-content\">\n\n\t\t\t\t\t\t\t\t\t<h4 class=\"elementor-icon-box-title\">\n\t\t\t\t\t\t<a href=\"https:\/\/maps.app.goo.gl\/SSvVDCeXC4VTi7eW6\" rel=\"noopener\">\n\t\t\t\t\t\t\tGivisiez\t\t\t\t\t\t<\/a>\n\t\t\t\t\t<\/h4>\n\t\t\t\t\n\t\t\t\t\t\t\t\t\t<p class=\"elementor-icon-box-description\">\n\t\t\t\t\t\tRoute Andr\u00e9-Piller 21, 1762 Givisiez <br><br><a href=\"https:\/\/maps.app.goo.gl\/SSvVDCeXC4VTi7eW6\" rel=\"noopener\">Google Maps<\/a>\t\t\t\t\t<\/p>\n\t\t\t\t\n\t\t\t<\/div>\n\t\t\t\n\t\t<\/div>\n\t\t\t\t\t\t<\/div>\n\t\t\t\t<\/div>\n\t\t\t\t<\/div>\n\t\t\t\t<\/div>\n\t\t\t\t\t<\/div>\n\t\t\t\t<\/div>\n\t\t<div class=\"elementor-element elementor-element-ce78a13 e-flex e-con-boxed e-con e-parent\" data-id=\"ce78a13\" data-element_type=\"container\" data-e-type=\"container\" data-settings=\"{&quot;jet_parallax_layout_list&quot;:[]}\">\n\t\t\t\t\t<div class=\"e-con-inner\">\n\t\t\t\t<div class=\"elementor-element elementor-element-9c3f33c elementor-widget elementor-widget-heading\" data-id=\"9c3f33c\" data-element_type=\"widget\" data-e-type=\"widget\" data-widget_type=\"heading.default\">\n\t\t\t\t<div class=\"elementor-widget-container\">\n\t\t\t\t\t<h2 class=\"elementor-heading-title elementor-size-default\">Comment pouvons-nous vous aider ?<\/h2>\t\t\t\t<\/div>\n\t\t\t\t<\/div>\n\t\t\t\t<div class=\"elementor-element elementor-element-a55852a elementor-widget elementor-widget-text-editor\" data-id=\"a55852a\" data-element_type=\"widget\" data-e-type=\"widget\" data-widget_type=\"text-editor.default\">\n\t\t\t\t<div class=\"elementor-widget-container\">\n\t\t\t\t\t\t\t\t\t<p>Il vous suffit de nous \u00e9crire.<\/p>\n\t\t\t\t\t\t\t\t<\/div>\n\t\t\t\t<\/div>\n\t\t\t\t<div class=\"elementor-element elementor-element-749482c elementor-widget__width-initial elementor-button-align-start elementor-widget elementor-widget-form\" data-id=\"749482c\" data-element_type=\"widget\" data-e-type=\"widget\" data-settings=\"{&quot;step_next_label&quot;:&quot;Suivant&quot;,&quot;step_previous_label&quot;:&quot;Previous&quot;,&quot;button_width&quot;:&quot;100&quot;,&quot;step_type&quot;:&quot;number_text&quot;,&quot;step_icon_shape&quot;:&quot;circle&quot;}\" data-widget_type=\"form.default\">\n\t\t\t\t<div class=\"elementor-widget-container\">\n\t\t\t\t\t\t\t<form class=\"elementor-form\" method=\"post\" name=\"Nouvelle forme\" aria-label=\"Nouvelle forme\">\n\t\t\t<input type=\"hidden\" name=\"post_id\" value=\"2480\"\/>\n\t\t\t<input type=\"hidden\" name=\"form_id\" value=\"749482c\"\/>\n\t\t\t<input type=\"hidden\" name=\"referer_title\" value=\"Contact - Tetrag AG\" \/>\n\n\t\t\t\t\t\t\t<input type=\"hidden\" name=\"queried_id\" value=\"2480\"\/>\n\t\t\t\n\t\t\t<div class=\"elementor-form-fields-wrapper elementor-labels-\">\n\t\t\t\t\t\t\t\t<div class=\"elementor-field-type-text elementor-field-group elementor-column elementor-field-group-name elementor-col-100 elementor-field-required\">\n\t\t\t\t\t\t\t\t\t\t\t\t<label for=\"form-field-name\" class=\"elementor-field-label elementor-screen-only\">\n\t\t\t\t\t\t\t\tNom *\t\t\t\t\t\t\t<\/label>\n\t\t\t\t\t\t\t\t\t\t\t\t\t\t<input size=\"1\" type=\"text\" name=\"form_fields[name]\" id=\"form-field-name\" class=\"elementor-field elementor-size-sm  elementor-field-textual\" placeholder=\"Nom *\" required=\"required\">\n\t\t\t\t\t\t\t\t\t\t\t<\/div>\n\t\t\t\t\t\t\t\t<div class=\"elementor-field-type-email elementor-field-group elementor-column elementor-field-group-email elementor-col-100 elementor-field-required\">\n\t\t\t\t\t\t\t\t\t\t\t\t<label for=\"form-field-email\" class=\"elementor-field-label elementor-screen-only\">\n\t\t\t\t\t\t\t\tEmail *\t\t\t\t\t\t\t<\/label>\n\t\t\t\t\t\t\t\t\t\t\t\t\t\t<input size=\"1\" type=\"email\" name=\"form_fields[email]\" id=\"form-field-email\" class=\"elementor-field elementor-size-sm  elementor-field-textual\" placeholder=\"E-mail *\" required=\"required\">\n\t\t\t\t\t\t\t\t\t\t\t<\/div>\n\t\t\t\t\t\t\t\t<div class=\"elementor-field-type-tel elementor-field-group elementor-column elementor-field-group-field_34b3659 elementor-col-100 elementor-field-required\">\n\t\t\t\t\t\t\t\t\t\t\t\t<label for=\"form-field-field_34b3659\" class=\"elementor-field-label elementor-screen-only\">\n\t\t\t\t\t\t\t\tT\u00e9l\u00e9phone *\t\t\t\t\t\t\t<\/label>\n\t\t\t\t\t\t\t\t<input size=\"1\" type=\"tel\" name=\"form_fields[field_34b3659]\" id=\"form-field-field_34b3659\" class=\"elementor-field elementor-size-sm  elementor-field-textual\" placeholder=\"T\u00e9l\u00e9phone *\" required=\"required\" pattern=\"[0-9()#&amp;+*-=.]+\" title=\"Seuls les caract\u00e8res de num\u00e9ros de t\u00e9l\u00e9phone (#, -, *, etc.) sont accept\u00e9s.\">\n\n\t\t\t\t\t\t<\/div>\n\t\t\t\t\t\t\t\t<div class=\"elementor-field-type-textarea elementor-field-group elementor-column elementor-field-group-message elementor-col-100\">\n\t\t\t\t\t\t\t\t\t\t\t\t<label for=\"form-field-message\" class=\"elementor-field-label elementor-screen-only\">\n\t\t\t\t\t\t\t\t\u00c9crivez votre message....\t\t\t\t\t\t\t<\/label>\n\t\t\t\t\t\t<textarea class=\"elementor-field-textual elementor-field  elementor-size-sm\" name=\"form_fields[message]\" id=\"form-field-message\" rows=\"4\" placeholder=\"\u00c9crivez votre message....\"><\/textarea>\t\t\t\t<\/div>\n\t\t\t\t\t\t\t\t<div class=\"elementor-field-type-acceptance elementor-field-group elementor-column elementor-field-group-field_8ed8a15 elementor-col-100 elementor-field-required\">\n\t\t\t\t\t\t\t<div class=\"elementor-field-subgroup\">\n\t\t\t<span class=\"elementor-field-option\">\n\t\t\t\t<input type=\"checkbox\" name=\"form_fields[field_8ed8a15]\" id=\"form-field-field_8ed8a15\" class=\"elementor-field elementor-size-sm  elementor-acceptance-field\" required=\"required\">\n\t\t\t\t<label for=\"form-field-field_8ed8a15\">J'accepte la politique de confidentialit\u00e9<\/label>\t\t\t<\/span>\n\t\t<\/div>\n\t\t\t\t\t\t<\/div>\n\t\t\t\t\t\t\t\t<div class=\"elementor-field-group elementor-column elementor-field-type-submit elementor-col-100 e-form__buttons\">\n\t\t\t\t\t<button class=\"elementor-button elementor-size-sm\" type=\"submit\" id=\"btn-1\">\n\t\t\t\t\t\t<span class=\"elementor-button-content-wrapper\">\n\t\t\t\t\t\t\t\t\t\t\t\t\t\t\t<span class=\"elementor-button-icon\">\n\t\t\t\t\t\t\t\t\t<svg xmlns=\"http:\/\/www.w3.org\/2000\/svg\" fill=\"none\" height=\"512\" viewBox=\"0 0 24 24\" width=\"512\"><g fill=\"rgb(0,0,0)\"><path d=\"m17 18c-.3 0-.5-.1-.7-.3l-10-10c-.4-.4-.4-1 0-1.4s1-.4 1.4 0l10 10c.4.4.4 1 0 1.4-.2.2-.4.3-.7.3z\"><\/path><path d=\"m17 18h-9c-.6 0-1-.4-1-1s.4-1 1-1h8v-8c0-.6.4-1 1-1s1 .4 1 1v9c0 .6-.4 1-1 1z\"><\/path><\/g><\/svg>\t\t\t\t\t\t\t\t\t\t\t\t\t\t\t\t\t<\/span>\n\t\t\t\t\t\t\t\t\t\t\t\t\t\t\t\t\t\t\t\t\t\t<span class=\"elementor-button-text\">Envoyer<\/span>\n\t\t\t\t\t\t\t\t\t\t\t\t\t<\/span>\n\t\t\t\t\t<\/button>\n\t\t\t\t<\/div>\n\t\t\t<\/div>\n\t\t<\/form>\n\t\t\t\t\t\t<\/div>\n\t\t\t\t<\/div>\n\t\t\t\t\t<\/div>\n\t\t\t\t<\/div>\n\t\t<div class=\"elementor-element elementor-element-c60ba4d e-flex e-con-boxed e-con e-parent\" data-id=\"c60ba4d\" data-element_type=\"container\" data-e-type=\"container\" data-settings=\"{&quot;jet_parallax_layout_list&quot;:[]}\">\n\t\t\t\t\t<div class=\"e-con-inner\">\n\t\t\t\t<div class=\"elementor-element elementor-element-d66e00c elementor-widget elementor-widget-heading\" data-id=\"d66e00c\" data-element_type=\"widget\" data-e-type=\"widget\" data-widget_type=\"heading.default\">\n\t\t\t\t<div class=\"elementor-widget-container\">\n\t\t\t\t\t<h2 class=\"elementor-heading-title elementor-size-default\">R\u00e9server une consultation gratuite<\/h2>\t\t\t\t<\/div>\n\t\t\t\t<\/div>\n\t\t\t\t<div class=\"elementor-element elementor-element-f33210a elementor-widget__width-initial elementor-widget elementor-widget-text-editor\" data-id=\"f33210a\" data-element_type=\"widget\" data-e-type=\"widget\" data-widget_type=\"text-editor.default\">\n\t\t\t\t<div class=\"elementor-widget-container\">\n\t\t\t\t\t\t\t\t\t<div class=\"jsx-2518687885 relative px-2.5 pb-2\">\n<div class=\"jsx-2518687885 comment-privacy-wrapper\">Vous avez des questions sur e3m ou sur nos services ? N&#8217;h\u00e9sitez pas \u00e0 nous contacter pour une consultation gratuite. <\/div>\n<\/div>\n\t\t\t\t\t\t\t\t<\/div>\n\t\t\t\t<\/div>\n\t\t\t\t<div class=\"elementor-element elementor-element-2979578 elementor-widget elementor-widget-html\" data-id=\"2979578\" data-element_type=\"widget\" data-e-type=\"widget\" id=\"buchen\" data-widget_type=\"html.default\">\n\t\t\t\t<div class=\"elementor-widget-container\">\n\t\t\t\t\t<!-- Cal inline embed code begins -->\n<div style=\"width:100%;height:100%;overflow:scroll\" id=\"my-cal-inline\"><\/div>\n<script type=\"text\/javascript\">\n  (function (C, A, L) { let p = function (a, ar) { a.q.push(ar); }; let d = C.document; C.Cal = C.Cal || function () { let cal = C.Cal; let ar = arguments; if (!cal.loaded) { cal.ns = {}; cal.q = cal.q || []; d.head.appendChild(d.createElement(\"script\")).src = A; cal.loaded = true; } if (ar[0] === L) { const api = function () { p(api, arguments); }; const namespace = ar[1]; api.q = api.q || []; if(typeof namespace === \"string\"){cal.ns[namespace] = cal.ns[namespace] || api;p(cal.ns[namespace], ar);p(cal, [\"initNamespace\", namespace]);} else p(cal, ar); return;} p(cal, ar); }; })(window, \"https:\/\/app.cal.com\/embed\/embed.js\", \"init\");\nCal(\"init\", \"kostenlose-beratung\", {origin:\"https:\/\/cal.com\"});\n\n  Cal.ns[\"kostenlose-beratung\"](\"inline\", {\n    elementOrSelector:\"#my-cal-inline\",\n    config: {\"layout\":\"month_view\",\"theme\":\"light\"},\n    calLink: \"tetrag\/kostenlose-beratung\",\n  });\n\n  Cal.ns[\"kostenlose-beratung\"](\"ui\", {\"theme\":\"light\",\"styles\":{\"branding\":{\"brandColor\":\"#EB6400\"}},\"hideEventTypeDetails\":false,\"layout\":\"month_view\"});\n  <\/script>\n  <!-- Cal inline embed code ends -->\t\t\t\t<\/div>\n\t\t\t\t<\/div>\n\t\t\t\t\t<\/div>\n\t\t\t\t<\/div>\n\t\t\t\t<\/div>\n\t\t","protected":false},"excerpt":{"rendered":"<p>Contact Parlez-nous de votre projet. Examinons vos souhaits et cr\u00e9ons ensemble quelque chose de grand. E-mail hc.gartetobfsctd-334459&#64;ofni T\u00e9l\u00e9phone +41 41 544 68 68 Sites Proche de chez vous Nos heures de bureau (en dehors des jours f\u00e9ri\u00e9s) : Lun. au Ven. 08:00 &#8211; 12:00 \/ 13:30 &#8211; 17:00 Rotkreuz Blegistrasse 1, 6343 Risch-Rotkreuz Google Maps [&hellip;]<\/p>\n","protected":false},"author":4,"featured_media":0,"parent":0,"menu_order":0,"comment_status":"closed","ping_status":"closed","template":"","meta":{"_acf_changed":false,"inline_featured_image":false,"footnotes":""},"class_list":["post-2480","page","type-page","status-publish","hentry"],"acf":[],"_links":{"self":[{"href":"https:\/\/tetrag.ch\/fr\/wp-json\/wp\/v2\/pages\/2480","targetHints":{"allow":["GET"]}}],"collection":[{"href":"https:\/\/tetrag.ch\/fr\/wp-json\/wp\/v2\/pages"}],"about":[{"href":"https:\/\/tetrag.ch\/fr\/wp-json\/wp\/v2\/types\/page"}],"author":[{"embeddable":true,"href":"https:\/\/tetrag.ch\/fr\/wp-json\/wp\/v2\/users\/4"}],"replies":[{"embeddable":true,"href":"https:\/\/tetrag.ch\/fr\/wp-json\/wp\/v2\/comments?post=2480"}],"version-history":[{"count":21,"href":"https:\/\/tetrag.ch\/fr\/wp-json\/wp\/v2\/pages\/2480\/revisions"}],"predecessor-version":[{"id":3640,"href":"https:\/\/tetrag.ch\/fr\/wp-json\/wp\/v2\/pages\/2480\/revisions\/3640"}],"wp:attachment":[{"href":"https:\/\/tetrag.ch\/fr\/wp-json\/wp\/v2\/media?parent=2480"}],"curies":[{"name":"wp","href":"https:\/\/api.w.org\/{rel}","templated":true}]}}