{"id":2472,"date":"2024-11-26T13:09:39","date_gmt":"2024-11-26T12:09:39","guid":{"rendered":"https:\/\/tetrag.ch\/demander-un-compte-de-demonstration\/"},"modified":"2024-11-29T13:03:00","modified_gmt":"2024-11-29T12:03:00","slug":"demander-un-compte-de-demonstration","status":"publish","type":"page","link":"https:\/\/tetrag.ch\/fr\/demander-un-compte-de-demonstration\/","title":{"rendered":"Demander un compte de d\u00e9monstration"},"content":{"rendered":"\t\t<div data-elementor-type=\"wp-page\" data-elementor-id=\"2472\" class=\"elementor elementor-2472 elementor-1097\" data-elementor-post-type=\"page\">\n\t\t\t\t<div class=\"elementor-element elementor-element-fa460f8 e-flex e-con-boxed e-con e-parent\" data-id=\"fa460f8\" data-element_type=\"container\" data-e-type=\"container\" data-settings=\"{&quot;jet_parallax_layout_list&quot;:[]}\">\n\t\t\t\t\t<div class=\"e-con-inner\">\n\t\t\t\t<div class=\"elementor-element elementor-element-c5d4a17 elementor-widget elementor-widget-heading\" data-id=\"c5d4a17\" data-element_type=\"widget\" data-e-type=\"widget\" data-widget_type=\"heading.default\">\n\t\t\t\t<div class=\"elementor-widget-container\">\n\t\t\t\t\t<h5 class=\"elementor-heading-title elementor-size-default\">Essayer gratuitement<\/h5>\t\t\t\t<\/div>\n\t\t\t\t<\/div>\n\t\t\t\t<div class=\"elementor-element elementor-element-88cb9c5 elementor-widget__width-initial elementor-widget elementor-widget-heading\" data-id=\"88cb9c5\" data-element_type=\"widget\" data-e-type=\"widget\" data-widget_type=\"heading.default\">\n\t\t\t\t<div class=\"elementor-widget-container\">\n\t\t\t\t\t<h2 class=\"elementor-heading-title elementor-size-default\">Demander un compte de d\u00e9monstration<\/h2>\t\t\t\t<\/div>\n\t\t\t\t<\/div>\n\t\t\t\t<div class=\"elementor-element elementor-element-ee5ba13 elementor-widget elementor-widget-text-editor\" data-id=\"ee5ba13\" data-element_type=\"widget\" data-e-type=\"widget\" data-widget_type=\"text-editor.default\">\n\t\t\t\t<div class=\"elementor-widget-container\">\n\t\t\t\t\t\t\t\t\t<p>Demandez un compte de d\u00e9monstration gratuit et testez notre solution.<\/p>\n\t\t\t\t\t\t\t\t<\/div>\n\t\t\t\t<\/div>\n\t\t\t\t<div class=\"elementor-element elementor-element-399167b elementor-widget__width-initial elementor-button-align-start elementor-widget elementor-widget-form\" data-id=\"399167b\" data-element_type=\"widget\" data-e-type=\"widget\" data-settings=\"{&quot;step_next_label&quot;:&quot;Suivant&quot;,&quot;step_previous_label&quot;:&quot;Previous&quot;,&quot;button_width&quot;:&quot;100&quot;,&quot;step_type&quot;:&quot;number_text&quot;,&quot;step_icon_shape&quot;:&quot;circle&quot;}\" data-widget_type=\"form.default\">\n\t\t\t\t<div class=\"elementor-widget-container\">\n\t\t\t\t\t\t\t<form class=\"elementor-form\" method=\"post\" name=\"Nouvelle forme\" aria-label=\"Nouvelle forme\">\n\t\t\t<input type=\"hidden\" name=\"post_id\" value=\"2472\"\/>\n\t\t\t<input type=\"hidden\" name=\"form_id\" value=\"399167b\"\/>\n\t\t\t<input type=\"hidden\" name=\"referer_title\" value=\"Demander un compte de d\u00e9monstration - Tetrag AG\" \/>\n\n\t\t\t\t\t\t\t<input type=\"hidden\" name=\"queried_id\" value=\"2472\"\/>\n\t\t\t\n\t\t\t<div class=\"elementor-form-fields-wrapper elementor-labels-\">\n\t\t\t\t\t\t\t\t<div class=\"elementor-field-type-text elementor-field-group elementor-column elementor-field-group-name elementor-col-100 elementor-field-required\">\n\t\t\t\t\t\t\t\t\t\t\t\t<label for=\"form-field-name\" class=\"elementor-field-label elementor-screen-only\">\n\t\t\t\t\t\t\t\tNom *\t\t\t\t\t\t\t<\/label>\n\t\t\t\t\t\t\t\t\t\t\t\t\t\t<input size=\"1\" type=\"text\" name=\"form_fields[name]\" id=\"form-field-name\" class=\"elementor-field elementor-size-sm  elementor-field-textual\" placeholder=\"Nom *\" required=\"required\">\n\t\t\t\t\t\t\t\t\t\t\t<\/div>\n\t\t\t\t\t\t\t\t<div class=\"elementor-field-type-email elementor-field-group elementor-column elementor-field-group-email elementor-col-100 elementor-field-required\">\n\t\t\t\t\t\t\t\t\t\t\t\t<label for=\"form-field-email\" class=\"elementor-field-label elementor-screen-only\">\n\t\t\t\t\t\t\t\tEmail *\t\t\t\t\t\t\t<\/label>\n\t\t\t\t\t\t\t\t\t\t\t\t\t\t<input size=\"1\" type=\"email\" name=\"form_fields[email]\" id=\"form-field-email\" class=\"elementor-field elementor-size-sm  elementor-field-textual\" placeholder=\"E-mail *\" required=\"required\">\n\t\t\t\t\t\t\t\t\t\t\t<\/div>\n\t\t\t\t\t\t\t\t<div class=\"elementor-field-type-tel elementor-field-group elementor-column elementor-field-group-field_34b3659 elementor-col-100 elementor-field-required\">\n\t\t\t\t\t\t\t\t\t\t\t\t<label for=\"form-field-field_34b3659\" class=\"elementor-field-label elementor-screen-only\">\n\t\t\t\t\t\t\t\tT\u00e9l\u00e9phone *\t\t\t\t\t\t\t<\/label>\n\t\t\t\t\t\t\t\t<input size=\"1\" type=\"tel\" name=\"form_fields[field_34b3659]\" id=\"form-field-field_34b3659\" class=\"elementor-field elementor-size-sm  elementor-field-textual\" placeholder=\"T\u00e9l\u00e9phone *\" required=\"required\" pattern=\"[0-9()#&amp;+*-=.]+\" title=\"Seuls les caract\u00e8res de num\u00e9ros de t\u00e9l\u00e9phone (#, -, *, etc.) sont accept\u00e9s.\">\n\n\t\t\t\t\t\t<\/div>\n\t\t\t\t\t\t\t\t<div class=\"elementor-field-type-textarea elementor-field-group elementor-column elementor-field-group-message elementor-col-100\">\n\t\t\t\t\t\t\t\t\t\t\t\t<label for=\"form-field-message\" class=\"elementor-field-label elementor-screen-only\">\n\t\t\t\t\t\t\t\t\u00c9crivez votre message....\t\t\t\t\t\t\t<\/label>\n\t\t\t\t\t\t<textarea class=\"elementor-field-textual elementor-field  elementor-size-sm\" name=\"form_fields[message]\" id=\"form-field-message\" rows=\"4\" placeholder=\"\u00c9crivez votre message....\"><\/textarea>\t\t\t\t<\/div>\n\t\t\t\t\t\t\t\t<div class=\"elementor-field-type-acceptance elementor-field-group elementor-column elementor-field-group-field_8ed8a15 elementor-col-100 elementor-field-required\">\n\t\t\t\t\t\t\t<div class=\"elementor-field-subgroup\">\n\t\t\t<span class=\"elementor-field-option\">\n\t\t\t\t<input type=\"checkbox\" name=\"form_fields[field_8ed8a15]\" id=\"form-field-field_8ed8a15\" class=\"elementor-field elementor-size-sm  elementor-acceptance-field\" required=\"required\">\n\t\t\t\t<label for=\"form-field-field_8ed8a15\">J'accepte la politique de confidentialit\u00e9<\/label>\t\t\t<\/span>\n\t\t<\/div>\n\t\t\t\t\t\t<\/div>\n\t\t\t\t\t\t\t\t<div class=\"elementor-field-group elementor-column elementor-field-type-submit elementor-col-100 e-form__buttons\">\n\t\t\t\t\t<button class=\"elementor-button elementor-size-sm\" type=\"submit\" id=\"btn-1\">\n\t\t\t\t\t\t<span class=\"elementor-button-content-wrapper\">\n\t\t\t\t\t\t\t\t\t\t\t\t\t\t\t<span class=\"elementor-button-icon\">\n\t\t\t\t\t\t\t\t\t<svg xmlns=\"http:\/\/www.w3.org\/2000\/svg\" fill=\"none\" height=\"512\" viewBox=\"0 0 24 24\" width=\"512\"><g fill=\"rgb(0,0,0)\"><path d=\"m17 18c-.3 0-.5-.1-.7-.3l-10-10c-.4-.4-.4-1 0-1.4s1-.4 1.4 0l10 10c.4.4.4 1 0 1.4-.2.2-.4.3-.7.3z\"><\/path><path d=\"m17 18h-9c-.6 0-1-.4-1-1s.4-1 1-1h8v-8c0-.6.4-1 1-1s1 .4 1 1v9c0 .6-.4 1-1 1z\"><\/path><\/g><\/svg>\t\t\t\t\t\t\t\t\t\t\t\t\t\t\t\t\t<\/span>\n\t\t\t\t\t\t\t\t\t\t\t\t\t\t\t\t\t\t\t\t\t\t<span class=\"elementor-button-text\">Envoyer<\/span>\n\t\t\t\t\t\t\t\t\t\t\t\t\t<\/span>\n\t\t\t\t\t<\/button>\n\t\t\t\t<\/div>\n\t\t\t<\/div>\n\t\t<\/form>\n\t\t\t\t\t\t<\/div>\n\t\t\t\t<\/div>\n\t\t\t\t\t<\/div>\n\t\t\t\t<\/div>\n\t\t<div class=\"elementor-element elementor-element-8421d40 e-flex e-con-boxed e-con e-parent\" data-id=\"8421d40\" data-element_type=\"container\" data-e-type=\"container\" data-settings=\"{&quot;jet_parallax_layout_list&quot;:[]}\">\n\t\t\t\t\t<div class=\"e-con-inner\">\n\t\t<div class=\"elementor-element elementor-element-0a7781d e-con-full e-flex e-con e-child\" data-id=\"0a7781d\" data-element_type=\"container\" data-e-type=\"container\" data-settings=\"{&quot;jet_parallax_layout_list&quot;:[]}\">\n\t\t<div class=\"elementor-element elementor-element-1b8ac52 e-con-full e-flex e-con e-child\" data-id=\"1b8ac52\" data-element_type=\"container\" data-e-type=\"container\" data-settings=\"{&quot;jet_parallax_layout_list&quot;:[]}\">\n\t\t\t\t<div class=\"elementor-element elementor-element-0fe8b83 elementor-widget elementor-widget-heading\" data-id=\"0fe8b83\" data-element_type=\"widget\" data-e-type=\"widget\" data-widget_type=\"heading.default\">\n\t\t\t\t<div class=\"elementor-widget-container\">\n\t\t\t\t\t<h2 class=\"elementor-heading-title elementor-size-default\">Vos avantages avec un compte de d\u00e9monstration<\/h2>\t\t\t\t<\/div>\n\t\t\t\t<\/div>\n\t\t\t\t<\/div>\n\t\t<div class=\"elementor-element elementor-element-1d4da49 e-con-full e-flex e-con e-child\" data-id=\"1d4da49\" data-element_type=\"container\" data-e-type=\"container\" data-settings=\"{&quot;jet_parallax_layout_list&quot;:[]}\">\n\t\t\t\t<div class=\"elementor-element elementor-element-53d833f elementor-widget elementor-widget-image\" data-id=\"53d833f\" data-element_type=\"widget\" data-e-type=\"widget\" data-widget_type=\"image.default\">\n\t\t\t\t<div class=\"elementor-widget-container\">\n\t\t\t\t\t\t\t\t\t\t\t\t\t\t\t<img fetchpriority=\"high\" decoding=\"async\" width=\"800\" height=\"350\" src=\"https:\/\/tetrag.ch\/wp-content\/uploads\/2024\/11\/Group-1000005747-1024x448.png\" class=\"attachment-large size-large wp-image-2009\" alt=\"\" srcset=\"https:\/\/tetrag.ch\/wp-content\/uploads\/2024\/11\/Group-1000005747-1024x448.png 1024w, https:\/\/tetrag.ch\/wp-content\/uploads\/2024\/11\/Group-1000005747-300x131.png 300w, https:\/\/tetrag.ch\/wp-content\/uploads\/2024\/11\/Group-1000005747-768x336.png 768w, https:\/\/tetrag.ch\/wp-content\/uploads\/2024\/11\/Group-1000005747.png 1386w\" sizes=\"(max-width: 800px) 100vw, 800px\" \/>\t\t\t\t\t\t\t\t\t\t\t\t\t\t\t<\/div>\n\t\t\t\t<\/div>\n\t\t\t\t<\/div>\n\t\t\t\t<\/div>\n\t\t<div class=\"elementor-element elementor-element-52d3810 e-con-full e-flex e-con e-child\" data-id=\"52d3810\" data-element_type=\"container\" data-e-type=\"container\" data-settings=\"{&quot;jet_parallax_layout_list&quot;:[]}\">\n\t\t\t\t<div class=\"elementor-element elementor-element-69dc3ea elementor-widget__width-initial elementor-widget-tablet__width-inherit elementor-view-default elementor-position-block-start elementor-mobile-position-block-start elementor-widget elementor-widget-icon-box\" data-id=\"69dc3ea\" data-element_type=\"widget\" data-e-type=\"widget\" data-widget_type=\"icon-box.default\">\n\t\t\t\t<div class=\"elementor-widget-container\">\n\t\t\t\t\t\t\t<div class=\"elementor-icon-box-wrapper\">\n\n\t\t\t\t\t\t<div class=\"elementor-icon-box-icon\">\n\t\t\t\t<span  class=\"elementor-icon\">\n\t\t\t\t<svg xmlns=\"http:\/\/www.w3.org\/2000\/svg\" width=\"50\" height=\"50\" viewBox=\"0 0 50 50\" fill=\"none\"><path d=\"M23.4537 33L30 20.721H26.4446C26.2265 20.7194 26.0236 20.5931 25.9029 20.3851C25.7823 20.1705 25.7594 19.9026 25.8422 19.6655L27.8797 14H20.9178L20 25.3084H23.1552C23.3348 25.3084 23.506 25.3934 23.6292 25.543C23.7521 25.6889 23.8164 25.8868 23.8059 26.0894L23.4537 33Z\" fill=\"#EB6400\"><\/path><path d=\"M24.1246 36.5001C27.9371 36.5001 31.5934 34.9856 34.2892 32.2897C36.9851 29.5939 38.4996 25.9375 38.4996 22.1251C38.4996 18.3126 36.9851 14.6562 34.2892 11.9604C31.5934 9.26457 27.9371 7.75006 24.1246 7.75006C20.3121 7.75006 16.6558 9.26457 13.9599 11.9604C11.2641 14.6562 9.74958 18.3126 9.74958 22.1251C9.74958 25.9375 11.2641 29.5939 13.9599 32.2897C16.6558 34.9856 20.3121 36.5001 24.1246 36.5001ZM37.4818 33.0414L47.1217 42.6813L44.6808 45.1222L35.0409 35.4823C31.6143 38.2827 27.2425 39.6591 22.8296 39.3268C18.4167 38.9944 14.3003 36.9788 11.3317 33.6968C8.36318 30.4147 6.76955 26.1173 6.88042 21.6933C6.99129 17.2693 8.79818 13.0571 11.9274 9.9279C15.0566 6.79867 19.2688 4.99178 23.6928 4.88091C28.1168 4.77004 32.4143 6.36367 35.6963 9.33223C38.9783 12.3008 40.994 16.4172 41.3263 20.8301C41.6586 25.243 40.2822 29.6148 37.4818 33.0414Z\" fill=\"#EB6400\"><\/path><\/svg>\t\t\t\t<\/span>\n\t\t\t<\/div>\n\t\t\t\n\t\t\t\t\t\t<div class=\"elementor-icon-box-content\">\n\n\t\t\t\t\t\t\t\t\t<h4 class=\"elementor-icon-box-title\">\n\t\t\t\t\t\t<span  >\n\t\t\t\t\t\t\tExp\u00e9rimenter les tableaux de bord\t\t\t\t\t\t<\/span>\n\t\t\t\t\t<\/h4>\n\t\t\t\t\n\t\t\t\t\t\t\t\t\t<p class=\"elementor-icon-box-description\">\n\t\t\t\t\t\tD\u00e9couvrez comment e3m analyse et visualise votre consommation d'\u00e9nergie - de mani\u00e8re simple, claire et intuitive. D\u00e9couvrez comment les tableaux de bord peuvent am\u00e9liorer votre efficacit\u00e9 de mani\u00e8re durable.\t\t\t\t\t<\/p>\n\t\t\t\t\n\t\t\t<\/div>\n\t\t\t\n\t\t<\/div>\n\t\t\t\t\t\t<\/div>\n\t\t\t\t<\/div>\n\t\t\t\t<div class=\"elementor-element elementor-element-1726b65 elementor-widget__width-initial elementor-widget-tablet__width-inherit elementor-view-default elementor-position-block-start elementor-mobile-position-block-start elementor-widget elementor-widget-icon-box\" data-id=\"1726b65\" data-element_type=\"widget\" data-e-type=\"widget\" data-widget_type=\"icon-box.default\">\n\t\t\t\t<div class=\"elementor-widget-container\">\n\t\t\t\t\t\t\t<div class=\"elementor-icon-box-wrapper\">\n\n\t\t\t\t\t\t<div class=\"elementor-icon-box-icon\">\n\t\t\t\t<span  class=\"elementor-icon\">\n\t\t\t\t<svg xmlns=\"http:\/\/www.w3.org\/2000\/svg\" width=\"50\" height=\"50\" viewBox=\"0 0 50 50\" fill=\"none\"><path fill-rule=\"evenodd\" clip-rule=\"evenodd\" d=\"M24.9837 44.9998C15.6767 44.9998 7.66655 38.668 5.53052 29.6153C5.35252 28.8778 5.81024 28.1404 6.54768 27.9624C6.90369 27.8607 7.28512 27.9369 7.59027 28.1149C7.89542 28.3184 8.12428 28.6235 8.20056 28.9795C10.0569 36.7862 16.9481 42.2535 24.9837 42.2535C33.3244 42.2535 40.4191 36.2776 41.9448 28.2167C41.8177 28.2421 41.6905 28.2421 41.5634 28.2421C41.2074 28.2167 40.8514 28.0641 40.6225 27.8098C40.3682 27.5301 40.2411 27.1995 40.2411 26.8181C40.2665 26.4621 40.4191 26.1061 40.6734 25.8518L42.6823 23.9954C42.962 23.7157 43.318 23.5886 43.6994 23.614C44.1317 23.6649 44.4623 23.8429 44.6912 24.148L46.3949 26.2841C46.8526 26.8944 46.7509 27.7589 46.166 28.2421C45.7337 28.5727 45.1743 28.6235 44.7166 28.3947C43.0891 37.9305 34.7739 44.9998 24.9837 44.9998ZM6.36968 26.3858C6.34425 26.3858 6.31882 26.3858 6.26796 26.3858C5.8611 26.3349 5.53052 26.1569 5.27623 25.8518L3.59792 23.7157C3.11477 23.1054 3.21648 22.2409 3.82678 21.7577C4.1065 21.5288 4.4625 21.4271 4.84394 21.478C4.99651 21.5034 5.14909 21.5288 5.27623 21.6051C6.90369 12.0693 15.219 5 24.9837 5C34.3161 5 42.3263 11.3064 44.4623 20.3845C44.5386 20.7405 44.4877 21.0965 44.2843 21.4271C44.1063 21.7323 43.8011 21.9611 43.4451 22.0374C42.7077 22.2154 41.9448 21.7577 41.7923 21.0203C39.9359 13.2136 33.0447 7.74633 25.0091 7.74633C16.6684 7.74633 9.57373 13.6967 8.04799 21.7831C8.17513 21.7577 8.27685 21.7323 8.404 21.7577C8.78543 21.7577 9.11601 21.9103 9.3703 22.19C9.62459 22.4443 9.75173 22.8003 9.75173 23.1817C9.7263 23.5377 9.57373 23.8937 9.31944 24.1226L7.31055 26.0043C7.05626 26.2586 6.72568 26.3858 6.36968 26.3858Z\" fill=\"#EB6400\"><\/path><path fill-rule=\"evenodd\" clip-rule=\"evenodd\" d=\"M32.6369 37.0657H17.3541C16.4132 37.0657 15.6758 36.3283 15.6758 35.4129V14.5865C15.6758 13.6711 16.4132 12.9082 17.3541 12.9082H27.5765V19.1383C27.5765 19.418 27.8054 19.6469 28.0851 19.6469H34.3152V35.4129C34.3152 36.3283 33.5524 37.0657 32.6369 37.0657ZM24.8302 19.1383H19.4393C18.7781 19.1383 18.2441 18.6043 18.2441 17.9177V16.1885C18.2441 15.502 18.7781 14.968 19.4393 14.968H24.8302C25.4914 14.968 26.0254 15.502 26.0254 16.1885V17.9177C26.0254 18.6043 25.4914 19.1383 24.8302 19.1383ZM19.4393 15.9851C19.3376 15.9851 19.2613 16.0868 19.2613 16.1885V17.9177C19.2613 18.0449 19.3376 18.1211 19.4393 18.1211H24.8302C24.9319 18.1211 25.0082 18.0449 25.0082 17.9177V16.1885C25.0082 16.0868 24.9319 15.9851 24.8302 15.9851H19.4393ZM29.9923 33.7854H19.9733C19.6936 33.7854 19.4647 33.5565 19.4647 33.2768C19.4647 32.9971 19.6936 32.7682 19.9733 32.7682H29.9923C30.272 32.7682 30.5009 32.9971 30.5009 33.2768C30.5009 33.5565 30.2974 33.7854 29.9923 33.7854ZM29.9923 31.0645H19.9733C19.6936 31.0645 19.4647 30.8356 19.4647 30.5559C19.4647 30.2762 19.6936 30.0473 19.9733 30.0473H29.9923C30.272 30.0473 30.5009 30.2762 30.5009 30.5559C30.5009 30.8356 30.2974 31.0645 29.9923 31.0645ZM29.9923 28.369H19.9733C19.6936 28.369 19.4647 28.1402 19.4647 27.8604C19.4647 27.5807 19.6936 27.3519 19.9733 27.3519H29.9923C30.272 27.3519 30.5009 27.5807 30.5009 27.8604C30.5009 28.1402 30.2974 28.369 29.9923 28.369ZM29.9923 25.6481H19.9733C19.6936 25.6481 19.4647 25.4193 19.4647 25.1395C19.4647 24.8598 19.6936 24.631 19.9733 24.631H29.9923C30.272 24.631 30.5009 24.8598 30.5009 25.1395C30.5009 25.4193 30.2974 25.6481 29.9923 25.6481ZM29.9923 22.9272H19.9733C19.6936 22.9272 19.4647 22.6984 19.4647 22.4186C19.4647 22.1389 19.6936 21.9101 19.9733 21.9101H29.9923C30.272 21.9101 30.5009 22.1389 30.5009 22.4186C30.5009 22.6984 30.2974 22.9272 29.9923 22.9272ZM28.5937 13.2134L34.0101 18.6297H28.5937V13.2134Z\" fill=\"#EB6400\"><\/path><\/svg>\t\t\t\t<\/span>\n\t\t\t<\/div>\n\t\t\t\n\t\t\t\t\t\t<div class=\"elementor-icon-box-content\">\n\n\t\t\t\t\t\t\t\t\t<h4 class=\"elementor-icon-box-title\">\n\t\t\t\t\t\t<span  >\n\t\t\t\t\t\t\tTester la flexibilit\u00e9 par soi-m\u00eame\t\t\t\t\t\t<\/span>\n\t\t\t\t\t<\/h4>\n\t\t\t\t\n\t\t\t\t\t\t\t\t\t<p class=\"elementor-icon-box-description\">\n\t\t\t\t\t\tEssayez la facilit\u00e9 avec laquelle vous pouvez configurer des rapports automatis\u00e9s et des alertes personnalis\u00e9es. Ressentez la r\u00e9duction de la charge administrative.\t\t\t\t\t<\/p>\n\t\t\t\t\n\t\t\t<\/div>\n\t\t\t\n\t\t<\/div>\n\t\t\t\t\t\t<\/div>\n\t\t\t\t<\/div>\n\t\t\t\t<div class=\"elementor-element elementor-element-94a769d elementor-widget__width-initial elementor-widget-tablet__width-inherit elementor-view-default elementor-position-block-start elementor-mobile-position-block-start elementor-widget elementor-widget-icon-box\" data-id=\"94a769d\" data-element_type=\"widget\" data-e-type=\"widget\" data-widget_type=\"icon-box.default\">\n\t\t\t\t<div class=\"elementor-widget-container\">\n\t\t\t\t\t\t\t<div class=\"elementor-icon-box-wrapper\">\n\n\t\t\t\t\t\t<div class=\"elementor-icon-box-icon\">\n\t\t\t\t<span  class=\"elementor-icon\">\n\t\t\t\t<svg xmlns=\"http:\/\/www.w3.org\/2000\/svg\" width=\"50\" height=\"50\" viewBox=\"0 0 50 50\" fill=\"none\"><path d=\"M23.5168 23.1669C23.6741 23.584 23.6899 23.989 23.5688 24.368C22.871 23.3954 22.0645 22.6567 21.1837 22.2185C20.7975 22.0263 20.3284 22.1837 20.1362 22.5699C19.944 22.9563 20.1014 23.4252 20.4877 23.6174C21.1715 23.9576 21.8099 24.5649 22.3721 25.3753C21.6462 25.6125 21.0678 25.6347 20.6468 25.4394C19.7467 25.022 19.363 23.524 18.9919 22.0754C18.8059 21.3491 18.6247 20.6421 18.3744 20.0214C21.4872 20.62 23.0848 22.0215 23.5168 23.1669ZM27.158 26.303C26.988 26.6384 26.9192 26.9761 26.9492 27.3076C27.7696 26.5265 28.6887 25.9416 29.5802 25.613C29.9851 25.4636 30.4343 25.671 30.5834 26.0759C30.7326 26.4808 30.5254 26.9299 30.1205 27.0791C29.3635 27.3581 28.59 27.8725 27.9091 28.5528C28.6718 28.9235 29.2943 29.032 29.7649 28.8731C30.705 28.5557 31.2487 27.1082 31.7746 25.7083C32.0383 25.0064 32.2949 24.3232 32.611 23.7333C29.4513 23.9909 27.7117 25.2111 27.158 26.303ZM9.82822 33.0776C9.96074 33.0776 10.0951 33.0438 10.2182 32.9729L12.811 31.4758C13.1847 31.2601 13.3127 30.7822 13.097 30.4086C12.8813 30.0349 12.4033 29.9071 12.0298 30.1227L9.43691 31.6197C9.06328 31.8355 8.93525 32.3133 9.15098 32.6869C9.29561 32.9375 9.5582 33.0776 9.82822 33.0776ZM37.3024 23.6413C37.3024 25.8156 36.7284 27.9533 35.6424 29.8234C34.5891 31.6372 33.0798 33.1635 31.2776 34.2372C30.7865 34.5299 30.5161 35.0058 30.5161 35.5772V38.3921C30.5161 39.4245 29.8519 40.3041 28.9285 40.6275C28.9164 42.339 27.5209 43.7277 25.8066 43.7277H24.1463C22.432 43.7277 21.0365 42.339 21.0244 40.6275C20.1011 40.3041 19.4368 39.4245 19.4368 38.3921V35.5772C19.4368 35.0057 19.1663 34.5298 18.6753 34.2372C16.8731 33.1635 15.3639 31.6372 14.3105 29.8234C13.2245 27.9534 12.6505 25.8156 12.6505 23.6413C12.6505 16.8448 18.1799 11.3154 24.9764 11.3154C31.773 11.3155 37.3024 16.8448 37.3024 23.6413ZM35.0946 22.7214C35.0103 22.3799 34.7081 22.1369 34.3564 22.1278C29.3842 21.9974 26.6575 23.835 25.7645 25.5965C25.2482 26.6145 25.2547 27.7102 25.7604 28.6885C25.7038 28.769 25.6477 28.85 25.5935 28.9327C25.3083 27.8266 24.9348 26.8098 24.4887 25.9106C25.2326 24.9496 25.4145 23.7705 24.9787 22.6154C24.2817 20.7677 21.7705 18.6469 16.8131 18.2362C16.4632 18.2071 16.1358 18.416 16.0149 18.7463C15.894 19.0767 16.0089 19.447 16.2953 19.6511C16.8609 20.054 17.1747 21.2787 17.4781 22.4631C17.9182 24.1807 18.4169 26.1275 19.9893 26.8567C20.389 27.0421 20.8262 27.1351 21.3052 27.1351C21.8649 27.1351 22.4821 27.0074 23.1624 26.7527C23.7808 28.0509 24.2438 29.6392 24.4823 31.3839C24.3273 31.9566 24.2334 32.5557 24.214 33.1749C24.2005 33.6062 24.5392 33.9667 24.9704 33.9802C24.9787 33.9804 24.987 33.9806 24.9953 33.9806C25.4154 33.9806 25.7625 33.6467 25.7757 33.2237C25.8148 31.9718 26.2519 30.7901 26.9029 29.7918C27.7876 30.2701 28.5826 30.5083 29.3029 30.5083C29.6393 30.5083 29.9595 30.4565 30.2649 30.3534C31.907 29.7988 32.6139 27.9176 33.2374 26.2577C33.6674 25.1132 34.1119 23.9298 34.718 23.5904C35.0249 23.4186 35.1791 23.0628 35.0946 22.7214ZM27.3588 40.7604H22.5942C22.6724 41.548 23.3385 42.1652 24.1463 42.1652H25.8066C26.6145 42.1652 27.2807 41.548 27.3588 40.7604ZM28.9536 38.0139H20.9994V38.3921C20.9994 38.8364 21.3608 39.1979 21.8051 39.1979H28.1479C28.5922 39.1979 28.9536 38.8364 28.9536 38.3921V38.0139ZM12.0297 16.9771C12.1527 17.0482 12.287 17.0819 12.4196 17.0819C12.6896 17.0819 12.9522 16.9418 13.097 16.6912C13.3127 16.3176 13.1847 15.8397 12.811 15.624L10.2182 14.1271C9.84453 13.9113 9.3667 14.0393 9.15098 14.413C8.93525 14.7866 9.06328 15.2645 9.43691 15.4802L12.0297 16.9771ZM39.7349 14.1271L37.1421 15.624C36.7685 15.8397 36.6404 16.3176 36.8562 16.6912C37.0009 16.9418 37.2635 17.0819 37.5335 17.0819C37.666 17.0819 37.8004 17.0481 37.9234 16.9771L40.5162 15.4802C40.8898 15.2645 41.0179 14.7866 40.8021 14.413C40.5864 14.0394 40.1085 13.9114 39.7349 14.1271ZM38.7657 43.4363C34.8939 46.5984 30.005 48.3398 24.9993 48.3398C17.0276 48.3398 9.70869 43.9582 5.90547 37.0449L8.21455 38.0227C8.61191 38.1909 9.07041 38.0052 9.23857 37.6079C9.40684 37.2106 9.22109 36.7521 8.82383 36.5839L4.59346 34.7925C4.38604 34.7047 4.15098 34.7106 3.94814 34.8088C3.74551 34.907 3.59502 35.0879 3.53545 35.3051L2.31934 39.7353C2.20508 40.1514 2.4498 40.5813 2.86592 40.6954C2.93516 40.7145 3.00469 40.7235 3.07324 40.7235C3.41631 40.7235 3.73096 40.4957 3.82607 40.1489L4.49297 37.7195C8.55645 45.1736 16.4258 49.9023 24.9993 49.9023C30.3642 49.9023 35.6041 48.0358 39.7541 44.6466C40.0883 44.3736 40.1379 43.8815 39.865 43.5473C39.5922 43.2132 39.1 43.1635 38.7657 43.4363ZM6.70273 23.5499C6.70273 23.9813 7.05254 24.3312 7.48398 24.3312H10.4779C10.9094 24.3312 11.2592 23.9813 11.2592 23.5499C11.2592 23.1185 10.9094 22.7687 10.4779 22.7687H7.48398C7.05244 22.7687 6.70273 23.1184 6.70273 23.5499ZM2.8498 30.938C3.27578 30.8695 3.56563 30.4687 3.49717 30.0427C3.3124 28.8932 3.21875 27.7213 3.21875 26.5595C3.21875 14.5495 12.9895 4.77862 24.9993 4.77862C25.1526 4.77862 25.3066 4.78135 25.4607 4.78467L23.4645 6.2917C23.1201 6.55166 23.0517 7.0416 23.3116 7.38594C23.4652 7.58936 23.699 7.69658 23.9357 7.69658C24.0997 7.69658 24.2649 7.64522 24.4059 7.53877L28.0724 4.7708C28.2521 4.63506 28.3646 4.42842 28.3809 4.20381C28.3972 3.9792 28.3157 3.7584 28.1574 3.59824L24.9288 0.329885C24.6256 0.0228537 24.131 0.019924 23.824 0.323147C23.5171 0.626369 23.5141 1.121 23.8173 1.42793L25.5913 3.22373C25.3936 3.21865 25.1961 3.21602 24.9993 3.21602C18.7642 3.21602 12.9022 5.64414 8.49336 10.0531C4.08437 14.4621 1.65625 20.3241 1.65625 26.5594C1.65625 27.804 1.75654 29.0594 1.95449 30.2906C2.01621 30.6747 2.34795 30.948 2.7249 30.948C2.76611 30.948 2.80781 30.9447 2.8498 30.938ZM38.7397 23.5622C38.7397 23.9937 39.0895 24.3435 39.5209 24.3435H42.5148C42.9463 24.3435 43.2961 23.9937 43.2961 23.5622C43.2961 23.1308 42.9463 22.781 42.5148 22.781H39.5209C39.0895 22.781 38.7397 23.1307 38.7397 23.5622ZM40.5161 31.6196L37.9233 30.1226C37.5497 29.9069 37.0719 30.0349 36.8562 30.4085C36.6404 30.7821 36.7685 31.26 37.1421 31.4757L39.7349 32.9728C39.8579 33.0438 39.9922 33.0775 40.1248 33.0775C40.3948 33.0775 40.6574 32.9374 40.8021 32.6868C41.0178 32.3132 40.8897 31.8355 40.5161 31.6196ZM47.355 38.1013L44.9169 38.7386C47.1634 35.08 48.3425 30.9066 48.3425 26.5594C48.3425 21.7313 46.881 17.0982 44.1159 13.1609C41.4133 9.3125 37.6704 6.39844 33.2919 4.73399C32.8888 4.58076 32.4374 4.7833 32.284 5.18662C32.1307 5.58994 32.3333 6.04112 32.7366 6.19453C41.1363 9.3878 46.7799 17.5718 46.7799 26.5595C46.7799 30.5879 45.6945 34.4557 43.6269 37.852L43.3191 35.364C43.2662 34.9357 42.876 34.632 42.4479 34.6845C42.0197 34.7374 41.7155 35.1275 41.7685 35.5557L42.3323 40.115C42.36 40.3386 42.4827 40.5393 42.6691 40.6657C42.7998 40.7544 42.9528 40.8004 43.1077 40.8004C43.1737 40.8004 43.2401 40.792 43.3053 40.775L47.75 39.6131C48.1674 39.504 48.4174 39.0772 48.3082 38.6597C48.1993 38.2421 47.7725 37.9922 47.355 38.1013Z\" fill=\"#EB6400\"><\/path><\/svg>\t\t\t\t<\/span>\n\t\t\t<\/div>\n\t\t\t\n\t\t\t\t\t\t<div class=\"elementor-icon-box-content\">\n\n\t\t\t\t\t\t\t\t\t<h4 class=\"elementor-icon-box-title\">\n\t\t\t\t\t\t<span  >\n\t\t\t\t\t\t\tD\u00e9couvrir le potentiel\t\t\t\t\t\t<\/span>\n\t\t\t\t\t<\/h4>\n\t\t\t\t\n\t\t\t\t\t\t\t\t\t<p class=\"elementor-icon-box-description\">\n\t\t\t\t\t\tD\u00e9couvrez sans engagement comment e3m peut int\u00e9grer les donn\u00e9es de vos b\u00e2timents et de vos capteurs. Vous aurez un aper\u00e7u complet des possibilit\u00e9s de g\u00e9rer votre consommation d'\u00e9nergie de mani\u00e8re plus intelligente.\t\t\t\t\t<\/p>\n\t\t\t\t\n\t\t\t<\/div>\n\t\t\t\n\t\t<\/div>\n\t\t\t\t\t\t<\/div>\n\t\t\t\t<\/div>\n\t\t\t\t<\/div>\n\t\t\t\t\t<\/div>\n\t\t\t\t<\/div>\n\t\t\t\t<\/div>\n\t\t","protected":false},"excerpt":{"rendered":"<p>Essayer gratuitement Demander un compte de d\u00e9monstration Demandez un compte de d\u00e9monstration gratuit et testez notre solution. Vos avantages avec un compte de d\u00e9monstration Exp\u00e9rimenter les tableaux de bord D\u00e9couvrez comment e3m analyse et visualise votre consommation d&#8217;\u00e9nergie &#8211; de mani\u00e8re simple, claire et intuitive. D\u00e9couvrez comment les tableaux de bord peuvent am\u00e9liorer votre efficacit\u00e9 [&hellip;]<\/p>\n","protected":false},"author":4,"featured_media":0,"parent":0,"menu_order":0,"comment_status":"closed","ping_status":"closed","template":"elementor_header_footer","meta":{"_acf_changed":false,"inline_featured_image":false,"footnotes":""},"class_list":["post-2472","page","type-page","status-publish","hentry"],"acf":[],"_links":{"self":[{"href":"https:\/\/tetrag.ch\/fr\/wp-json\/wp\/v2\/pages\/2472","targetHints":{"allow":["GET"]}}],"collection":[{"href":"https:\/\/tetrag.ch\/fr\/wp-json\/wp\/v2\/pages"}],"about":[{"href":"https:\/\/tetrag.ch\/fr\/wp-json\/wp\/v2\/types\/page"}],"author":[{"embeddable":true,"href":"https:\/\/tetrag.ch\/fr\/wp-json\/wp\/v2\/users\/4"}],"replies":[{"embeddable":true,"href":"https:\/\/tetrag.ch\/fr\/wp-json\/wp\/v2\/comments?post=2472"}],"version-history":[{"count":20,"href":"https:\/\/tetrag.ch\/fr\/wp-json\/wp\/v2\/pages\/2472\/revisions"}],"predecessor-version":[{"id":3498,"href":"https:\/\/tetrag.ch\/fr\/wp-json\/wp\/v2\/pages\/2472\/revisions\/3498"}],"wp:attachment":[{"href":"https:\/\/tetrag.ch\/fr\/wp-json\/wp\/v2\/media?parent=2472"}],"curies":[{"name":"wp","href":"https:\/\/api.w.org\/{rel}","templated":true}]}}